{"id":3943,"date":"2021-09-13T07:49:42","date_gmt":"2021-09-13T05:49:42","guid":{"rendered":"https:\/\/1mammuth.com\/imprimir\/"},"modified":"2022-08-29T12:20:05","modified_gmt":"2022-08-29T10:20:05","slug":"imprimir","status":"publish","type":"page","link":"https:\/\/1mammuth.com\/es\/imprimir\/","title":{"rendered":"Imprimir"},"content":{"rendered":"\t\t<div data-elementor-type=\"wp-page\" data-elementor-id=\"3943\" class=\"elementor elementor-3943 elementor-196\">\n\t\t\t\t\t\t\t\t\t<section class=\"elementor-section elementor-top-section elementor-element elementor-element-ef28f2f elementor-section-boxed elementor-section-height-default elementor-section-height-default\" data-id=\"ef28f2f\" data-element_type=\"section\">\n\t\t\t\t\t\t<div class=\"elementor-container elementor-column-gap-default\">\n\t\t\t\t\t<div class=\"elementor-column elementor-col-100 elementor-top-column elementor-element elementor-element-5893786\" data-id=\"5893786\" data-element_type=\"column\">\n\t\t\t<div class=\"elementor-widget-wrap elementor-element-populated\">\n\t\t\t\t\t\t\t\t<div class=\"elementor-element elementor-element-3ddf280 elementor-widget elementor-widget-text-editor\" data-id=\"3ddf280\" data-element_type=\"widget\" data-widget_type=\"text-editor.default\">\n\t\t\t\t<div class=\"elementor-widget-container\">\n\t\t\t<style>\/*! elementor - v3.7.1 - 14-08-2022 *\/\n.elementor-widget-text-editor.elementor-drop-cap-view-stacked .elementor-drop-cap{background-color:#818a91;color:#fff}.elementor-widget-text-editor.elementor-drop-cap-view-framed .elementor-drop-cap{color:#818a91;border:3px solid;background-color:transparent}.elementor-widget-text-editor:not(.elementor-drop-cap-view-default) .elementor-drop-cap{margin-top:8px}.elementor-widget-text-editor:not(.elementor-drop-cap-view-default) .elementor-drop-cap-letter{width:1em;height:1em}.elementor-widget-text-editor .elementor-drop-cap{float:left;text-align:center;line-height:1;font-size:50px}.elementor-widget-text-editor .elementor-drop-cap-letter{display:inline-block}<\/style>\t\t\t\t<h1 class=\"elementor-heading-title elementor-size-default elementor-inline-editing pen\" data-elementor-setting-key=\"title\" data-pen-placeholder=\"Eingabe hier...\">Imprimir<\/h1><h1><span style=\"color: var( --e-global-color-fb5834a ); font-size: 42px;\">Informaci\u00f3n seg\u00fan el art\u00edculo 5 de la TMG<\/span><\/h1><p>Guido Latz<br>1stmammuth slu<br>Calle Fluvia I bajos<br>07009 Palma de Mallorca<\/p><p>Registro Mercantil: N\u00ba PM-76668 Tomo 2619 Folio 129 Inscripci\u00f3n 1<br>Tribunal de registro: Registro Mercantil de Palma de Mallorca<\/p><h2>Contacto<\/h2><p>Tel\u00e9fono: <a href=\"tel:+34971771793\">+34 971 771 793<\/a><br>Fax: +34 971 706 883<br>E-Mail: <a href=\"mailto:info@1mammuth.com\">info@1mammuth.com<\/a><\/p><h2>Responsable editorialmente<\/h2><p>Guido Latz<\/p><h2>Resoluci\u00f3n de litigios en la UE<\/h2><p>La Comisi\u00f3n Europea ofrece una plataforma para la resoluci\u00f3n de conflictos en l\u00ednea (ODR): <a href=\"https:\/\/ec.europa.eu\/consumers\/odr\/\" target=\"_blank\" rel=\"noopener noreferrer\">https:\/\/ec.europa.eu\/consumers\/odr\/<\/a>.<br>Puede encontrar nuestra direcci\u00f3n de correo electr\u00f3nico en el pie de imprenta de arriba.<\/p><h2>Resoluci\u00f3n de litigios en materia de consumo\/junta arbitral universal<\/h2><p>No estamos dispuestos ni obligados a participar en un procedimiento de resoluci\u00f3n de conflictos ante una junta de arbitraje de consumo.<\/p>\t\t\t\t\t\t<\/div>\n\t\t\t\t<\/div>\n\t\t\t\t\t<\/div>\n\t\t<\/div>\n\t\t\t\t\t\t\t<\/div>\n\t\t<\/section>\n\t\t\t\t\t\t\t<\/div>\n\t\t","protected":false},"excerpt":{"rendered":"<p> [&hellip;]<\/p>\n","protected":false},"author":3,"featured_media":0,"parent":0,"menu_order":0,"comment_status":"closed","ping_status":"closed","template":"elementor_header_footer","meta":[],"_links":{"self":[{"href":"https:\/\/1mammuth.com\/es\/wp-json\/wp\/v2\/pages\/3943"}],"collection":[{"href":"https:\/\/1mammuth.com\/es\/wp-json\/wp\/v2\/pages"}],"about":[{"href":"https:\/\/1mammuth.com\/es\/wp-json\/wp\/v2\/types\/page"}],"author":[{"embeddable":true,"href":"https:\/\/1mammuth.com\/es\/wp-json\/wp\/v2\/users\/3"}],"replies":[{"embeddable":true,"href":"https:\/\/1mammuth.com\/es\/wp-json\/wp\/v2\/comments?post=3943"}],"version-history":[{"count":3,"href":"https:\/\/1mammuth.com\/es\/wp-json\/wp\/v2\/pages\/3943\/revisions"}],"predecessor-version":[{"id":4021,"href":"https:\/\/1mammuth.com\/es\/wp-json\/wp\/v2\/pages\/3943\/revisions\/4021"}],"wp:attachment":[{"href":"https:\/\/1mammuth.com\/es\/wp-json\/wp\/v2\/media?parent=3943"}],"curies":[{"name":"wp","href":"https:\/\/api.w.org\/{rel}","templated":true}]}}